{"id":924,"date":"2025-06-18T11:30:44","date_gmt":"2025-06-18T09:30:44","guid":{"rendered":"https:\/\/viertler-marine.de\/imprint\/"},"modified":"2025-06-24T09:28:18","modified_gmt":"2025-06-24T07:28:18","slug":"imprint","status":"publish","type":"page","link":"https:\/\/viertler-marine.de\/en\/imprint\/","title":{"rendered":"Imprint"},"content":{"rendered":"\n<h2 class=\"wp-block-heading\">Imprint<\/h2>\n\n<p>Viertler GmbH<br\/>Europastra\u00dfe 7a<br\/>65385 R\u00fcdesheim am Rhein<\/p>\n\n<p>Phone: <a href=\"tel:+49672299590\">+49 67 22 99 59-0<\/a><br\/>E-Mail: <a href=\"javascript:secureDecryptAndNavigate('b+miZ+0mGlCY07Lu20aBh2+01z1tWNKskihbmG\/tOafNwPrOy8UGNmcZcSg+v0i0O9nJZLZja3aOn6jSDTVeJ\/BuaUL5XkQo9WM2I3ExBv\/S', '662908752155807e963b72801cc1f5481480fd944230a3ff4491c8b52e92f2dd')\">s&#101;&#114;vice&#64;&#118;i&#101;&#114;&#116;&#108;&#101;r&#45;&#109;a&#114;i&#110;&#101;&#46;de<\/a><\/p>\n\n<p>VAT ID: DE113841216<br\/>Commercial Register: HRB 19987, Wiesbaden District Court<\/p>\n\n<p>Authorized representative:<br\/>The GmbH is represented by the Managing Director<br\/>Ingo Viertler.<\/p>\n\n<p>Responsible for the content according to \u00a7 18 Abs. 2 MStV:<br\/>Ingo Viertler<br\/>Viertler GmbH<br\/>Europastra\u00dfe 7a<br\/>65385 R\u00fcdesheim <\/p>\n\n<h2 class=\"wp-block-heading\">Dispute Resolution<\/h2>\n\n<p>Customer satisfaction is our top priority. If you have any complaints regarding our services, you can contact us at any time at <a href=\"javascript:secureDecryptAndNavigate('+xgeNb5oXk0ru5yqD\/ccO7P2VEFGgglXiaylqFF9iO8Xo8S3vJcUst3wD1zgsSGay6OrJxkofsaOG6QG39Xc0417p5ianASFH3dJzOkO', '662908752155807e963b72801cc1f5481480fd944230a3ff4491c8b52e92f2dd')\">&#101;-&#109;&#97;i&#108;&#64;kuech&#101;&#110;hel&#100;en.de<\/a>. We will then work together to find an amicable solution. We do not participate in dispute resolution proceedings before a consumer arbitration board.   <\/p>\n\n<p>For all contracts concluded in electronic legal transactions, we refer to the European Online Dispute Resolution Platform <a href=\"https:\/\/ec.europa.eu\/consumers\/odr\/\">https:\/\/ec.europa.eu\/consumers\/odr\/<\/a>.<\/p>\n\n<h2 class=\"wp-block-heading\">Disclaimer<\/h2>\n\n<p>No liability is assumed for the accuracy, completeness, and timeliness of the contents of our own website. We have no influence on the design and content of linked websites. Therefore, we expressly distance ourselves from all contents of all linked third-party pages and do not adopt these contents as our own. The linked pages were checked for possible legal violations at the time of linking. Illegal content was not recognizable at the time of linking. However, permanent monitoring of the content of the linked pages is not reasonable without concrete evidence of a legal violation. If we become aware of any legal violations, we will remove such links immediately.      <\/p>\n\n<p><\/p>\n","protected":false},"excerpt":{"rendered":"<p>Imprint Viertler GmbHEuropastra\u00dfe 7a65385 R\u00fcdesheim am Rhein Phone: +49 67 22 99 59-0E-Mail: &#115;&#101;&#114;vi&#99;&#101;&#64;v&#105;er&#116;ler&#45;ma&#114;i&#110;&#101;.d&#101; VAT ID: DE113841216Commercial Register: HRB 19987, Wiesbaden District Court Authorized representative:The GmbH is represented by the Managing DirectorIngo Viertler. Responsible for the content according to \u00a7 18 Abs. 2 MStV:Ingo ViertlerViertler GmbHEuropastra\u00dfe 7a65385 R\u00fcdesheim Dispute Resolution Customer satisfaction is our top [&hellip;]<\/p>\n","protected":false},"author":1,"featured_media":0,"parent":0,"menu_order":0,"comment_status":"closed","ping_status":"closed","template":"","meta":{"_et_pb_use_builder":"off","_et_pb_old_content":"","_et_gb_content_width":"","footnotes":""},"class_list":["post-924","page","type-page","status-publish","hentry"],"yoast_head":"<!-- This site is optimized with the Yoast SEO plugin v27.3 - https:\/\/yoast.com\/product\/yoast-seo-wordpress\/ -->\n<title>Imprint - Viertler Marine<\/title>\n<meta name=\"robots\" content=\"index, follow, max-snippet:-1, max-image-preview:large, max-video-preview:-1\" \/>\n<link rel=\"canonical\" href=\"https:\/\/viertler-marine.de\/en\/imprint\/\" \/>\n<meta property=\"og:locale\" content=\"en_US\" \/>\n<meta property=\"og:type\" content=\"article\" \/>\n<meta property=\"og:title\" content=\"Imprint - Viertler Marine\" \/>\n<meta property=\"og:description\" content=\"Imprint Viertler GmbHEuropastra\u00dfe 7a65385 R\u00fcdesheim am Rhein Phone: +49 67 22 99 59-0E-Mail: s&#101;rv&#105;&#099;e&#064;v&#105;e&#114;&#116;&#108;&#101;r-m&#097;&#114;&#105;n&#101;&#046;de VAT ID: DE113841216Commercial Register: HRB 19987, Wiesbaden District Court Authorized representative:The GmbH is represented by the Managing DirectorIngo Viertler. Responsible for the content according to \u00a7 18 Abs. 2 MStV:Ingo ViertlerViertler GmbHEuropastra\u00dfe 7a65385 R\u00fcdesheim Dispute Resolution Customer satisfaction is our top [&hellip;]\" \/>\n<meta property=\"og:url\" content=\"https:\/\/viertler-marine.de\/en\/imprint\/\" \/>\n<meta property=\"og:site_name\" content=\"Viertler Marine\" \/>\n<meta property=\"article:publisher\" content=\"https:\/\/www.facebook.com\/kuechenhelden\/\" \/>\n<meta property=\"article:modified_time\" content=\"2025-06-24T07:28:18+00:00\" \/>\n<meta name=\"twitter:card\" content=\"summary_large_image\" \/>\n<meta name=\"twitter:label1\" content=\"Est. reading time\" \/>\n\t<meta name=\"twitter:data1\" content=\"1 minute\" \/>\n<script type=\"application\/ld+json\" class=\"yoast-schema-graph\">{\"@context\":\"https:\\\/\\\/schema.org\",\"@graph\":[{\"@type\":\"WebPage\",\"@id\":\"https:\\\/\\\/viertler-marine.de\\\/en\\\/imprint\\\/\",\"url\":\"https:\\\/\\\/viertler-marine.de\\\/en\\\/imprint\\\/\",\"name\":\"Imprint - Viertler Marine\",\"isPartOf\":{\"@id\":\"https:\\\/\\\/viertler-marine.de\\\/en\\\/#website\"},\"datePublished\":\"2025-06-18T09:30:44+00:00\",\"dateModified\":\"2025-06-24T07:28:18+00:00\",\"breadcrumb\":{\"@id\":\"https:\\\/\\\/viertler-marine.de\\\/en\\\/imprint\\\/#breadcrumb\"},\"inLanguage\":\"en-US\",\"potentialAction\":[{\"@type\":\"ReadAction\",\"target\":[\"https:\\\/\\\/viertler-marine.de\\\/en\\\/imprint\\\/\"]}]},{\"@type\":\"BreadcrumbList\",\"@id\":\"https:\\\/\\\/viertler-marine.de\\\/en\\\/imprint\\\/#breadcrumb\",\"itemListElement\":[{\"@type\":\"ListItem\",\"position\":1,\"name\":\"Startseite\",\"item\":\"https:\\\/\\\/viertler-marine.de\\\/en\\\/viertler-marine\\\/\"},{\"@type\":\"ListItem\",\"position\":2,\"name\":\"Imprint\"}]},{\"@type\":\"WebSite\",\"@id\":\"https:\\\/\\\/viertler-marine.de\\\/en\\\/#website\",\"url\":\"https:\\\/\\\/viertler-marine.de\\\/en\\\/\",\"name\":\"Viertler Marine\",\"description\":\"Ihre zuverl\u00e4ssige L\u00f6sung f\u00fcr maritime W\u00e4scherei Anforderungen\",\"publisher\":{\"@id\":\"https:\\\/\\\/viertler-marine.de\\\/en\\\/#organization\"},\"potentialAction\":[{\"@type\":\"SearchAction\",\"target\":{\"@type\":\"EntryPoint\",\"urlTemplate\":\"https:\\\/\\\/viertler-marine.de\\\/en\\\/?s={search_term_string}\"},\"query-input\":{\"@type\":\"PropertyValueSpecification\",\"valueRequired\":true,\"valueName\":\"search_term_string\"}}],\"inLanguage\":\"en-US\"},{\"@type\":\"Organization\",\"@id\":\"https:\\\/\\\/viertler-marine.de\\\/en\\\/#organization\",\"name\":\"Viertler Marine\",\"url\":\"https:\\\/\\\/viertler-marine.de\\\/en\\\/\",\"logo\":{\"@type\":\"ImageObject\",\"inLanguage\":\"en-US\",\"@id\":\"https:\\\/\\\/viertler-marine.de\\\/en\\\/#\\\/schema\\\/logo\\\/image\\\/\",\"url\":\"https:\\\/\\\/viertler-marine.de\\\/wp-content\\\/uploads\\\/Logo@8x.png\",\"contentUrl\":\"https:\\\/\\\/viertler-marine.de\\\/wp-content\\\/uploads\\\/Logo@8x.png\",\"width\":1067,\"height\":523,\"caption\":\"Viertler Marine\"},\"image\":{\"@id\":\"https:\\\/\\\/viertler-marine.de\\\/en\\\/#\\\/schema\\\/logo\\\/image\\\/\"},\"sameAs\":[\"https:\\\/\\\/www.facebook.com\\\/kuechenhelden\\\/\",\"https:\\\/\\\/www.instagram.com\\\/kuechenhelden\\\/\"]}]}<\/script>\n<!-- \/ Yoast SEO plugin. -->","yoast_head_json":{"title":"Imprint - Viertler Marine","robots":{"index":"index","follow":"follow","max-snippet":"max-snippet:-1","max-image-preview":"max-image-preview:large","max-video-preview":"max-video-preview:-1"},"canonical":"https:\/\/viertler-marine.de\/en\/imprint\/","og_locale":"en_US","og_type":"article","og_title":"Imprint - Viertler Marine","og_description":"Imprint Viertler GmbHEuropastra\u00dfe 7a65385 R\u00fcdesheim am Rhein Phone: +49 67 22 99 59-0E-Mail: serv&#105;c&#101;&#64;v&#105;&#101;r&#116;&#108;er-m&#97;&#114;i&#110;e&#46;de VAT ID: DE113841216Commercial Register: HRB 19987, Wiesbaden District Court Authorized representative:The GmbH is represented by the Managing DirectorIngo Viertler. Responsible for the content according to \u00a7 18 Abs. 2 MStV:Ingo ViertlerViertler GmbHEuropastra\u00dfe 7a65385 R\u00fcdesheim Dispute Resolution Customer satisfaction is our top [&hellip;]","og_url":"https:\/\/viertler-marine.de\/en\/imprint\/","og_site_name":"Viertler Marine","article_publisher":"https:\/\/www.facebook.com\/kuechenhelden\/","article_modified_time":"2025-06-24T07:28:18+00:00","twitter_card":"summary_large_image","twitter_misc":{"Est. reading time":"1 minute"},"schema":{"@context":"https:\/\/schema.org","@graph":[{"@type":"WebPage","@id":"https:\/\/viertler-marine.de\/en\/imprint\/","url":"https:\/\/viertler-marine.de\/en\/imprint\/","name":"Imprint - Viertler Marine","isPartOf":{"@id":"https:\/\/viertler-marine.de\/en\/#website"},"datePublished":"2025-06-18T09:30:44+00:00","dateModified":"2025-06-24T07:28:18+00:00","breadcrumb":{"@id":"https:\/\/viertler-marine.de\/en\/imprint\/#breadcrumb"},"inLanguage":"en-US","potentialAction":[{"@type":"ReadAction","target":["https:\/\/viertler-marine.de\/en\/imprint\/"]}]},{"@type":"BreadcrumbList","@id":"https:\/\/viertler-marine.de\/en\/imprint\/#breadcrumb","itemListElement":[{"@type":"ListItem","position":1,"name":"Startseite","item":"https:\/\/viertler-marine.de\/en\/viertler-marine\/"},{"@type":"ListItem","position":2,"name":"Imprint"}]},{"@type":"WebSite","@id":"https:\/\/viertler-marine.de\/en\/#website","url":"https:\/\/viertler-marine.de\/en\/","name":"Viertler Marine","description":"Ihre zuverl\u00e4ssige L\u00f6sung f\u00fcr maritime W\u00e4scherei Anforderungen","publisher":{"@id":"https:\/\/viertler-marine.de\/en\/#organization"},"potentialAction":[{"@type":"SearchAction","target":{"@type":"EntryPoint","urlTemplate":"https:\/\/viertler-marine.de\/en\/?s={search_term_string}"},"query-input":{"@type":"PropertyValueSpecification","valueRequired":true,"valueName":"search_term_string"}}],"inLanguage":"en-US"},{"@type":"Organization","@id":"https:\/\/viertler-marine.de\/en\/#organization","name":"Viertler Marine","url":"https:\/\/viertler-marine.de\/en\/","logo":{"@type":"ImageObject","inLanguage":"en-US","@id":"https:\/\/viertler-marine.de\/en\/#\/schema\/logo\/image\/","url":"https:\/\/viertler-marine.de\/wp-content\/uploads\/Logo@8x.png","contentUrl":"https:\/\/viertler-marine.de\/wp-content\/uploads\/Logo@8x.png","width":1067,"height":523,"caption":"Viertler Marine"},"image":{"@id":"https:\/\/viertler-marine.de\/en\/#\/schema\/logo\/image\/"},"sameAs":["https:\/\/www.facebook.com\/kuechenhelden\/","https:\/\/www.instagram.com\/kuechenhelden\/"]}]}},"_links":{"self":[{"href":"https:\/\/viertler-marine.de\/en\/wp-json\/wp\/v2\/pages\/924","targetHints":{"allow":["GET"]}}],"collection":[{"href":"https:\/\/viertler-marine.de\/en\/wp-json\/wp\/v2\/pages"}],"about":[{"href":"https:\/\/viertler-marine.de\/en\/wp-json\/wp\/v2\/types\/page"}],"author":[{"embeddable":true,"href":"https:\/\/viertler-marine.de\/en\/wp-json\/wp\/v2\/users\/1"}],"replies":[{"embeddable":true,"href":"https:\/\/viertler-marine.de\/en\/wp-json\/wp\/v2\/comments?post=924"}],"version-history":[{"count":1,"href":"https:\/\/viertler-marine.de\/en\/wp-json\/wp\/v2\/pages\/924\/revisions"}],"predecessor-version":[{"id":925,"href":"https:\/\/viertler-marine.de\/en\/wp-json\/wp\/v2\/pages\/924\/revisions\/925"}],"wp:attachment":[{"href":"https:\/\/viertler-marine.de\/en\/wp-json\/wp\/v2\/media?parent=924"}],"curies":[{"name":"wp","href":"https:\/\/api.w.org\/{rel}","templated":true}]}}